{"id":1838,"date":"2024-05-07T10:50:04","date_gmt":"2024-05-07T13:50:04","guid":{"rendered":"https:\/\/www.ecologika.com.br?page_id=1838"},"modified":"2025-01-07T07:38:29","modified_gmt":"2025-01-07T10:38:29","slug":"solicite-um-orcamento","status":"publish","type":"page","link":"https:\/\/www.ecologika.com.br\/en\/solicite-um-orcamento\/","title":{"rendered":"Request a quote"},"content":{"rendered":"<div data-elementor-type=\"wp-page\" data-elementor-id=\"1838\" class=\"elementor elementor-1838\" data-elementor-settings=\"{&quot;ha_cmc_init_switcher&quot;:&quot;no&quot;}\" data-elementor-post-type=\"page\">\n\t\t\t\t<div class=\"elementor-element elementor-element-a09a16e e-flex e-con-boxed e-con e-parent\" data-id=\"a09a16e\" data-element_type=\"container\" data-settings=\"{&quot;background_background&quot;:&quot;classic&quot;,&quot;_ha_eqh_enable&quot;:false}\">\n\t\t\t\t\t<div class=\"e-con-inner\">\n\t\t\t\t<div class=\"elementor-element elementor-element-2e92da2 animated-fast elementor-invisible elementor-widget elementor-widget-heading\" data-id=\"2e92da2\" data-element_type=\"widget\" data-settings=\"{&quot;_animation&quot;:&quot;fadeInUp&quot;,&quot;_animation_delay&quot;:300}\" data-widget_type=\"heading.default\">\n\t\t\t\t<div class=\"elementor-widget-container\">\n\t\t\t\t\t<h2 class=\"elementor-heading-title elementor-size-default\">Quotation<\/h2>\t\t\t\t<\/div>\n\t\t\t\t<\/div>\n\t\t\t\t<div class=\"elementor-element elementor-element-0c3f230 animated-fast elementor-widget-divider--view-line elementor-invisible elementor-widget elementor-widget-divider\" data-id=\"0c3f230\" data-element_type=\"widget\" data-settings=\"{&quot;_animation&quot;:&quot;fadeInUp&quot;,&quot;_animation_delay&quot;:200}\" data-widget_type=\"divider.default\">\n\t\t\t\t<div class=\"elementor-widget-container\">\n\t\t\t\t\t\t\t<div class=\"elementor-divider\">\n\t\t\t<span class=\"elementor-divider-separator\">\n\t\t\t\t\t\t<\/span>\n\t\t<\/div>\n\t\t\t\t\t\t<\/div>\n\t\t\t\t<\/div>\n\t\t\t\t<div class=\"elementor-element elementor-element-faab51b animated-fast elementor-widget-divider--view-line elementor-invisible elementor-widget elementor-widget-divider\" data-id=\"faab51b\" data-element_type=\"widget\" data-settings=\"{&quot;_animation&quot;:&quot;fadeInUp&quot;,&quot;_animation_delay&quot;:100}\" data-widget_type=\"divider.default\">\n\t\t\t\t<div class=\"elementor-widget-container\">\n\t\t\t\t\t\t\t<div class=\"elementor-divider\">\n\t\t\t<span class=\"elementor-divider-separator\">\n\t\t\t\t\t\t<\/span>\n\t\t<\/div>\n\t\t\t\t\t\t<\/div>\n\t\t\t\t<\/div>\n\t\t\t\t\t<\/div>\n\t\t\t\t<\/div>\n\t\t<div class=\"elementor-element elementor-element-fe4f5b0 e-flex e-con-boxed e-con e-parent\" data-id=\"fe4f5b0\" data-element_type=\"container\" data-settings=\"{&quot;_ha_eqh_enable&quot;:false}\">\n\t\t\t\t\t<div class=\"e-con-inner\">\n\t\t<div class=\"elementor-element elementor-element-1c58454 animated-fast e-flex e-con-boxed elementor-invisible e-con e-child\" data-id=\"1c58454\" data-element_type=\"container\" data-settings=\"{&quot;motion_fx_motion_fx_scrolling&quot;:&quot;yes&quot;,&quot;animation&quot;:&quot;fadeInUp&quot;,&quot;animation_delay&quot;:200,&quot;_ha_eqh_enable&quot;:false,&quot;motion_fx_devices&quot;:[&quot;desktop&quot;,&quot;tablet&quot;,&quot;mobile&quot;]}\">\n\t\t\t\t\t<div class=\"e-con-inner\">\n\t\t\t\t<div class=\"elementor-element elementor-element-1ea7eac elementor-widget elementor-widget-elementskit-heading\" data-id=\"1ea7eac\" data-element_type=\"widget\" data-widget_type=\"elementskit-heading.default\">\n\t\t\t\t<div class=\"elementor-widget-container\">\n\t\t\t\t\t<div class=\"ekit-wid-con\" ><div class=\"ekit-heading elementskit-section-title-wraper text_center   ekit_heading_tablet-   ekit_heading_mobile-\"><h2 class=\"ekit-heading--title elementskit-section-title\">Request a Quote<\/h2><div class=\"ekit_heading_separetor_wraper ekit_heading_elementskit-border-divider ekit-dotted\"><div class=\"elementskit-border-divider ekit-dotted\"><\/div><\/div>\t\t\t\t<div class='ekit-heading__description'>\n\t\t\t\t\t<p>Fill in the details below and our team will contact you soon to offer the perfect environmental solution for your needs.<\/p>\n\t\t\t\t<\/div>\n\t\t\t<\/div><\/div>\t\t\t\t<\/div>\n\t\t\t\t<\/div>\n\t\t\t\t\t<\/div>\n\t\t\t\t<\/div>\n\t\t\t\t<div class=\"elementor-element elementor-element-462fb06 animated-fast elementor-widget__width-initial elementor-invisible elementor-widget elementor-widget-shortcode\" data-id=\"462fb06\" data-element_type=\"widget\" data-settings=\"{&quot;_animation&quot;:&quot;fadeInUp&quot;,&quot;_animation_delay&quot;:200}\" data-widget_type=\"shortcode.default\">\n\t\t\t\t<div class=\"elementor-widget-container\">\n\t\t\t\t\t\t\t<div class=\"elementor-shortcode\"><div class=\"forminator-ui forminator-custom-form forminator-custom-form-3381 forminator-design--default forminator-custom forminator_ajax\" data-forminator-render=\"0\" data-form=\"forminator-module-3381\" data-uid=\"69f2a26b26c3a\"><br\/><\/div><form\n\t\t\t\tid=\"forminator-module-3381\"\n\t\t\t\tclass=\"forminator-ui forminator-custom-form forminator-custom-form-3381 forminator-design--default forminator-custom forminator_ajax\"\n\t\t\t\tmethod=\"post\"\n\t\t\t\tdata-forminator-render=\"0\"\n\t\t\t\tdata-form-id=\"3381\"\n\t\t\t\t data-color-option=\"default\" data-design=\"default\" data-grid=\"custom\" style=\"display: none;\"\n\t\t\t\tdata-uid=\"69f2a26b26c3a\" action=\"\"\n\t\t\t><div role=\"alert\" aria-live=\"polite\" class=\"forminator-response-message forminator-error\" aria-hidden=\"true\"><\/div><div class=\"forminator-row\"><div id=\"name-1\" class=\"forminator-field-name forminator-col forminator-col-6\"><div class=\"forminator-field\"><label for=\"forminator-field-name-1_69f2a26b26c3a\" id=\"forminator-field-name-1_69f2a26b26c3a-label\" class=\"forminator-label\">Company name <span class=\"forminator-required\">*<\/span><\/label><input type=\"text\" name=\"name-1\" value=\"\" placeholder=\"Enter the company name...\" id=\"forminator-field-name-1_69f2a26b26c3a\" class=\"forminator-input forminator-name--field\" aria-required=\"true\" autocomplete=\"name\" \/><\/div><\/div><div id=\"text-1\" class=\"forminator-field-text forminator-col forminator-col-6\"><div class=\"forminator-field\"><label for=\"forminator-field-text-1_69f2a26b26c3a\" id=\"forminator-field-text-1_69f2a26b26c3a-label\" class=\"forminator-label\">Company CNPJ <span class=\"forminator-required\">*<\/span><\/label><input type=\"text\" name=\"text-1\" value=\"\" placeholder=\"enter the CNPJ...\" id=\"forminator-field-text-1_69f2a26b26c3a\" class=\"forminator-input forminator-name--field\" data-required=\"1\" \/><\/div><\/div><\/div><div class=\"forminator-row\"><div id=\"email-1\" class=\"forminator-field-email forminator-col forminator-col-6\"><div class=\"forminator-field\"><label for=\"forminator-field-email-1_69f2a26b26c3a\" id=\"forminator-field-email-1_69f2a26b26c3a-label\" class=\"forminator-label\">Contact email <span class=\"forminator-required\">*<\/span><\/label><input type=\"email\" name=\"email-1\" value=\"\" placeholder=\"Enter the email...\" id=\"forminator-field-email-1_69f2a26b26c3a\" class=\"forminator-input forminator-email--field\" data-required=\"true\" aria-required=\"true\" autocomplete=\"email\" \/><\/div><\/div><div id=\"phone-1\" class=\"forminator-field-phone forminator-col forminator-col-6\"><div class=\"forminator-field\"><label for=\"forminator-field-phone-1_69f2a26b26c3a\" id=\"forminator-field-phone-1_69f2a26b26c3a-label\" class=\"forminator-label\">Contact number <span class=\"forminator-required\">*<\/span><\/label><input type=\"text\" name=\"phone-1\" value=\"\" placeholder=\"Digite o n\u00famero para contato...\" id=\"forminator-field-phone-1_69f2a26b26c3a\" class=\"forminator-input forminator-field--phone\" data-required=\"1\" aria-required=\"true\" autocomplete=\"off\" \/><\/div><\/div><\/div><div class=\"forminator-row\"><div id=\"text-2\" class=\"forminator-field-text forminator-col forminator-col-12\"><div class=\"forminator-field\"><label for=\"forminator-field-text-2_69f2a26b26c3a\" id=\"forminator-field-text-2_69f2a26b26c3a-label\" class=\"forminator-label\">What is your company's industry?<\/label><input type=\"text\" name=\"text-2\" value=\"\" placeholder=\"Enter here...\" id=\"forminator-field-text-2_69f2a26b26c3a\" class=\"forminator-input forminator-name--field\" data-required=\"\" \/><\/div><\/div><\/div><div class=\"forminator-row\"><div id=\"section-1\" class=\"forminator-field-section forminator-col forminator-col-12\"><div class=\"forminator-field\"><h2 class=\"forminator-title\">How can we help you?<\/h2><\/div><\/div><\/div><div class=\"forminator-row\"><div id=\"checkbox-1\" class=\"forminator-field-checkbox forminator-col forminator-col-6\"><div role=\"group\" class=\"forminator-field\" aria-labelledby=\"forminator-checkbox-group-forminator-field-checkbox-1-69f2a26b26c3a-label\"><span id=\"forminator-checkbox-group-forminator-field-checkbox-1-69f2a26b26c3a-label\" class=\"forminator-label\">Type of waste<\/span><label id=\"forminator-field-checkbox-1-1-69f2a26b26c3a-label\" for=\"forminator-field-checkbox-1-1-69f2a26b26c3a\" class=\"forminator-checkbox\" title=\"Biological\"><input type=\"checkbox\" name=\"checkbox-1[]\" value=\"Papel\" id=\"forminator-field-checkbox-1-1-69f2a26b26c3a\" aria-labelledby=\"forminator-field-checkbox-1-1-69f2a26b26c3a-label\" data-calculation=\"0\"   data-hidden-behavior=\"zero\"\/><span class=\"forminator-checkbox-box\" aria-hidden=\"true\"><\/span><span class=\"forminator-checkbox-label\">Biological<\/span><\/label><label id=\"forminator-field-checkbox-1-2-69f2a26b26c3a-label\" for=\"forminator-field-checkbox-1-2-69f2a26b26c3a\" class=\"forminator-checkbox\" title=\"Excess waste\"><input type=\"checkbox\" name=\"checkbox-1[]\" value=\"Pl\u00e1stico\" id=\"forminator-field-checkbox-1-2-69f2a26b26c3a\" aria-labelledby=\"forminator-field-checkbox-1-2-69f2a26b26c3a-label\" data-calculation=\"0\"   data-hidden-behavior=\"zero\"\/><span class=\"forminator-checkbox-box\" aria-hidden=\"true\"><\/span><span class=\"forminator-checkbox-label\">Excess waste<\/span><\/label><label id=\"forminator-field-checkbox-1-3-69f2a26b26c3a-label\" for=\"forminator-field-checkbox-1-3-69f2a26b26c3a\" class=\"forminator-checkbox\" title=\"Construction and Demolition\"><input type=\"checkbox\" name=\"checkbox-1[]\" value=\"\u00c1gua-oleosa\" id=\"forminator-field-checkbox-1-3-69f2a26b26c3a\" aria-labelledby=\"forminator-field-checkbox-1-3-69f2a26b26c3a-label\" data-calculation=\"0\"   data-hidden-behavior=\"zero\"\/><span class=\"forminator-checkbox-box\" aria-hidden=\"true\"><\/span><span class=\"forminator-checkbox-label\">Construction and Demolition<\/span><\/label><label id=\"forminator-field-checkbox-1-4-69f2a26b26c3a-label\" for=\"forminator-field-checkbox-1-4-69f2a26b26c3a\" class=\"forminator-checkbox\" title=\"Chemical\"><input type=\"checkbox\" name=\"checkbox-1[]\" value=\"Metal\" id=\"forminator-field-checkbox-1-4-69f2a26b26c3a\" aria-labelledby=\"forminator-field-checkbox-1-4-69f2a26b26c3a-label\" data-calculation=\"0\"   data-hidden-behavior=\"zero\"\/><span class=\"forminator-checkbox-box\" aria-hidden=\"true\"><\/span><span class=\"forminator-checkbox-label\">Chemical<\/span><\/label><label id=\"forminator-field-checkbox-1-5-69f2a26b26c3a-label\" for=\"forminator-field-checkbox-1-5-69f2a26b26c3a\" class=\"forminator-checkbox\" title=\"Recyclable\"><input type=\"checkbox\" name=\"checkbox-1[]\" value=\"\u00d3leo-usado\" id=\"forminator-field-checkbox-1-5-69f2a26b26c3a\" aria-labelledby=\"forminator-field-checkbox-1-5-69f2a26b26c3a-label\" data-calculation=\"0\"   data-hidden-behavior=\"zero\"\/><span class=\"forminator-checkbox-box\" aria-hidden=\"true\"><\/span><span class=\"forminator-checkbox-label\">Recyclable<\/span><\/label><label id=\"forminator-field-checkbox-1-6-69f2a26b26c3a-label\" for=\"forminator-field-checkbox-1-6-69f2a26b26c3a\" class=\"forminator-checkbox\" title=\"Other (Specify in the message below)\"><input type=\"checkbox\" name=\"checkbox-1[]\" value=\"Outro-(Espe)\" id=\"forminator-field-checkbox-1-6-69f2a26b26c3a\" aria-labelledby=\"forminator-field-checkbox-1-6-69f2a26b26c3a-label\" data-calculation=\"0\"   data-hidden-behavior=\"zero\"\/><span class=\"forminator-checkbox-box\" aria-hidden=\"true\"><\/span><span class=\"forminator-checkbox-label\">Other (Specify in the message below)<\/span><\/label><\/div><\/div><div id=\"checkbox-2\" class=\"forminator-field-checkbox forminator-col forminator-col-6\"><div role=\"group\" class=\"forminator-field\" aria-labelledby=\"forminator-checkbox-group-forminator-field-checkbox-2-69f2a26b26c3a-label\"><span id=\"forminator-checkbox-group-forminator-field-checkbox-2-69f2a26b26c3a-label\" class=\"forminator-label\">Services<\/span><label id=\"forminator-field-checkbox-2-1-69f2a26b26c3a-label\" for=\"forminator-field-checkbox-2-1-69f2a26b26c3a\" class=\"forminator-checkbox\" title=\"Waste management\"><input type=\"checkbox\" name=\"checkbox-2[]\" value=\"Sapato-gratis\" id=\"forminator-field-checkbox-2-1-69f2a26b26c3a\" aria-labelledby=\"forminator-field-checkbox-2-1-69f2a26b26c3a-label\" data-calculation=\"0\"   data-hidden-behavior=\"zero\"\/><span class=\"forminator-checkbox-box\" aria-hidden=\"true\"><\/span><span class=\"forminator-checkbox-label\">Waste management<\/span><\/label><label id=\"forminator-field-checkbox-2-2-69f2a26b26c3a-label\" for=\"forminator-field-checkbox-2-2-69f2a26b26c3a\" class=\"forminator-checkbox\" title=\"Equipment Rental\"><input type=\"checkbox\" name=\"checkbox-2[]\" value=\"Coleta-e-Transporte-de-Res\u00edduos\" id=\"forminator-field-checkbox-2-2-69f2a26b26c3a\" aria-labelledby=\"forminator-field-checkbox-2-2-69f2a26b26c3a-label\" data-calculation=\"0\"   data-hidden-behavior=\"zero\"\/><span class=\"forminator-checkbox-box\" aria-hidden=\"true\"><\/span><span class=\"forminator-checkbox-label\">Equipment Rental<\/span><\/label><label id=\"forminator-field-checkbox-2-3-69f2a26b26c3a-label\" for=\"forminator-field-checkbox-2-3-69f2a26b26c3a\" class=\"forminator-checkbox\" title=\"Decommissioning\"><input type=\"checkbox\" name=\"checkbox-2[]\" value=\"Descomissionamento\" id=\"forminator-field-checkbox-2-3-69f2a26b26c3a\" aria-labelledby=\"forminator-field-checkbox-2-3-69f2a26b26c3a-label\" data-calculation=\"0\"   data-hidden-behavior=\"zero\"\/><span class=\"forminator-checkbox-box\" aria-hidden=\"true\"><\/span><span class=\"forminator-checkbox-label\">Decommissioning<\/span><\/label><label id=\"forminator-field-checkbox-2-4-69f2a26b26c3a-label\" for=\"forminator-field-checkbox-2-4-69f2a26b26c3a\" class=\"forminator-checkbox\" title=\"Reverse logistic\"><input type=\"checkbox\" name=\"checkbox-2[]\" value=\"Log\u00edstica-Reversa\" id=\"forminator-field-checkbox-2-4-69f2a26b26c3a\" aria-labelledby=\"forminator-field-checkbox-2-4-69f2a26b26c3a-label\" data-calculation=\"0\"   data-hidden-behavior=\"zero\"\/><span class=\"forminator-checkbox-box\" aria-hidden=\"true\"><\/span><span class=\"forminator-checkbox-label\">Reverse logistic<\/span><\/label><label id=\"forminator-field-checkbox-2-5-69f2a26b26c3a-label\" for=\"forminator-field-checkbox-2-5-69f2a26b26c3a\" class=\"forminator-checkbox\" title=\"Repetro\"><input type=\"checkbox\" name=\"checkbox-2[]\" value=\"Repetro\" id=\"forminator-field-checkbox-2-5-69f2a26b26c3a\" aria-labelledby=\"forminator-field-checkbox-2-5-69f2a26b26c3a-label\" data-calculation=\"0\"   data-hidden-behavior=\"zero\"\/><span class=\"forminator-checkbox-box\" aria-hidden=\"true\"><\/span><span class=\"forminator-checkbox-label\">Repetro<\/span><\/label><label id=\"forminator-field-checkbox-2-6-69f2a26b26c3a-label\" for=\"forminator-field-checkbox-2-6-69f2a26b26c3a\" class=\"forminator-checkbox\" title=\"Pipe dismantling\"><input type=\"checkbox\" name=\"checkbox-2[]\" value=\"Desmanche-de-Tubos\" id=\"forminator-field-checkbox-2-6-69f2a26b26c3a\" aria-labelledby=\"forminator-field-checkbox-2-6-69f2a26b26c3a-label\" data-calculation=\"0\"   data-hidden-behavior=\"zero\"\/><span class=\"forminator-checkbox-box\" aria-hidden=\"true\"><\/span><span class=\"forminator-checkbox-label\">Pipe dismantling<\/span><\/label><label id=\"forminator-field-checkbox-2-7-69f2a26b26c3a-label\" for=\"forminator-field-checkbox-2-7-69f2a26b26c3a\" class=\"forminator-checkbox\" title=\"Other (Specify in the message below)\"><input type=\"checkbox\" name=\"checkbox-2[]\" value=\"Outro-(especificar-na-mensagem-abaixo)\" id=\"forminator-field-checkbox-2-7-69f2a26b26c3a\" aria-labelledby=\"forminator-field-checkbox-2-7-69f2a26b26c3a-label\" data-calculation=\"0\"   data-hidden-behavior=\"zero\"\/><span class=\"forminator-checkbox-box\" aria-hidden=\"true\"><\/span><span class=\"forminator-checkbox-label\">Other (Specify in the message below)<\/span><\/label><\/div><\/div><\/div><div class=\"forminator-row\"><div id=\"textarea-1\" class=\"forminator-field-textarea forminator-col forminator-col-12  border-radius: 30px;\"><div class=\"forminator-field\"><label for=\"forminator-field-textarea-1_69f2a26b26c3a\" id=\"forminator-field-textarea-1_69f2a26b26c3a-label\" class=\"forminator-label\">General observations<\/label><textarea name=\"textarea-1\" placeholder=\"Enter here...\" id=\"forminator-field-textarea-1_69f2a26b26c3a\" class=\"forminator-textarea\" rows=\"6\" style=\"min-height:140px;\" maxlength=\"320\" aria-describedby=\"forminator-field-textarea-1_69f2a26b26c3a-description\" ><\/textarea><span id=\"forminator-field-textarea-1_69f2a26b26c3a-description\" class=\"forminator-description\">Describe your needs in detail<span data-limit=\"320\" data-type=\"characters\" data-editor=\"\">0 \/ 320<\/span><\/span><\/div><\/div><\/div><div class=\"forminator-row\"><div id=\"captcha-1\" class=\"forminator-field-captcha forminator-col forminator-col-12\"><div class=\"forminator-captcha-left forminator-g-recaptcha recaptcha-invisible\" data-theme=\"light\" data-badge=\"inline\" data-sitekey=\"6LdpIVoqAAAAAJAqdsazynIwAEdPB6XQam3NSX4X\" data-size=\"invisible\"><\/div> <\/div><\/div><input type=\"hidden\" name=\"referer_url\" value=\"\" \/><div class=\"forminator-row forminator-row-last\"><div class=\"forminator-col\"><div class=\"forminator-field\"><button class=\"forminator-button forminator-button-submit hover { transform: scale(0.95); transition: transform 0.2s; }\">Request quote<\/button><\/div><\/div><\/div><input type=\"hidden\" id=\"forminator_nonce\" name=\"forminator_nonce\" value=\"5cd977f79f\" \/><input type=\"hidden\" name=\"_wp_http_referer\" value=\"\/en\/wp-json\/wp\/v2\/pages\/1838\" \/><input type=\"hidden\" name=\"form_id\" value=\"3381\"><input type=\"hidden\" name=\"page_id\" value=\"1838\"><input type=\"hidden\" name=\"form_type\" value=\"default\"><input type=\"hidden\" name=\"current_url\" value=\"https:\/\/www.ecologika.com.br\/en\/solicite-um-orcamento\/\"><input type=\"hidden\" name=\"render_id\" value=\"0\"><input type=\"hidden\" name=\"action\" value=\"forminator_submit_form_custom-forms\"><input type=\"hidden\" name=\"trp-form-language\" value=\"en\"\/><\/form><\/div>\n\t\t\t\t\t\t<\/div>\n\t\t\t\t<\/div>\n\t\t\t\t\t<\/div>\n\t\t\t\t<\/div>\n\t\t\t\t<\/div>","protected":false},"excerpt":{"rendered":"<p>Or\u00e7amento Solicitar Or\u00e7amento Preencha os dados abaixo e nossa equipe entrar\u00e1 em contato em breve para oferecer a solu\u00e7\u00e3o ambiental perfeita para suas necessidades.<\/p>","protected":false},"author":2,"featured_media":0,"parent":0,"menu_order":0,"comment_status":"closed","ping_status":"closed","template":"","meta":{"footnotes":""},"class_list":["post-1838","page","type-page","status-publish","hentry"],"aioseo_notices":[],"_links":{"self":[{"href":"https:\/\/www.ecologika.com.br\/en\/wp-json\/wp\/v2\/pages\/1838","targetHints":{"allow":["GET"]}}],"collection":[{"href":"https:\/\/www.ecologika.com.br\/en\/wp-json\/wp\/v2\/pages"}],"about":[{"href":"https:\/\/www.ecologika.com.br\/en\/wp-json\/wp\/v2\/types\/page"}],"author":[{"embeddable":true,"href":"https:\/\/www.ecologika.com.br\/en\/wp-json\/wp\/v2\/users\/2"}],"replies":[{"embeddable":true,"href":"https:\/\/www.ecologika.com.br\/en\/wp-json\/wp\/v2\/comments?post=1838"}],"version-history":[{"count":10,"href":"https:\/\/www.ecologika.com.br\/en\/wp-json\/wp\/v2\/pages\/1838\/revisions"}],"predecessor-version":[{"id":7170,"href":"https:\/\/www.ecologika.com.br\/en\/wp-json\/wp\/v2\/pages\/1838\/revisions\/7170"}],"wp:attachment":[{"href":"https:\/\/www.ecologika.com.br\/en\/wp-json\/wp\/v2\/media?parent=1838"}],"curies":[{"name":"wp","href":"https:\/\/api.w.org\/{rel}","templated":true}]}}